{"id":2167,"date":"2024-07-07T19:29:55","date_gmt":"2024-07-07T22:29:55","guid":{"rendered":"https:\/\/locababyekids.com.br\/sn\/?post_type=product&#038;p=2167"},"modified":"2024-07-07T19:49:41","modified_gmt":"2024-07-07T22:49:41","slug":"babador-camesa","status":"publish","type":"product","link":"https:\/\/locababyekids.com.br\/sn\/product\/babador-camesa\/","title":{"rendered":"Babador Camesa"},"content":{"rendered":"<p>O Babador Gumy da Buba \u00e9 produzido em silicone macio. Possui bolso pega migalhas, ideal para evitar que o pequeno suje a roupinha. O fecho com bot\u00f5es ajust\u00e1veis se adapta facilmente ao pesco\u00e7o do beb\u00ea.<\/p>\n<p><span style=\"color: #808080; font-size: 12px;\">Idade recomendada: 3 meses &#8211; 2 anos.<br \/>\nDimens\u00f5es do produto: 28 cm x 23 cm x 0,1 cm.<br \/>\n<\/span><span style=\"color: #808080; font-size: 12px;\">Dimens\u00f5es do pacote: 31 cm x\u00a0 23 cm x 2 cm.<\/span><br \/>\n<span style=\"color: #808080; font-size: 12px;\">Peso: 100 g.<\/span><\/p>\n","protected":false},"excerpt":{"rendered":"<p>O Babador Gumy da Buba \u00e9 produzido em silicone macio. Possui bolso pega migalhas, ideal para evitar que o pequeno suje a roupinha. O fecho com bot\u00f5es ajust\u00e1veis se adapta<\/p>\n","protected":false},"featured_media":2168,"comment_status":"open","ping_status":"closed","template":"","meta":{"_joinchat":[]},"product_cat":[170],"product_tag":[],"class_list":{"0":"post-2167","1":"product","2":"type-product","3":"status-publish","6":"product_cat-babador","8":"first","9":"instock","10":"taxable","11":"shipping-taxable","12":"purchasable","13":"product-type-simple"},"_links":{"self":[{"href":"https:\/\/locababyekids.com.br\/sn\/wp-json\/wp\/v2\/product\/2167"}],"collection":[{"href":"https:\/\/locababyekids.com.br\/sn\/wp-json\/wp\/v2\/product"}],"about":[{"href":"https:\/\/locababyekids.com.br\/sn\/wp-json\/wp\/v2\/types\/product"}],"replies":[{"embeddable":true,"href":"https:\/\/locababyekids.com.br\/sn\/wp-json\/wp\/v2\/comments?post=2167"}],"version-history":[{"count":0,"href":"https:\/\/locababyekids.com.br\/sn\/wp-json\/wp\/v2\/product\/2167\/revisions"}],"wp:featuredmedia":[{"embeddable":true,"href":"https:\/\/locababyekids.com.br\/sn\/wp-json\/wp\/v2\/media\/2168"}],"wp:attachment":[{"href":"https:\/\/locababyekids.com.br\/sn\/wp-json\/wp\/v2\/media?parent=2167"}],"wp:term":[{"taxonomy":"product_cat","embeddable":true,"href":"https:\/\/locababyekids.com.br\/sn\/wp-json\/wp\/v2\/product_cat?post=2167"},{"taxonomy":"product_tag","embeddable":true,"href":"https:\/\/locababyekids.com.br\/sn\/wp-json\/wp\/v2\/product_tag?post=2167"}],"curies":[{"name":"wp","href":"https:\/\/api.w.org\/{rel}","templated":true}]}}