{"id":2174,"date":"2024-07-08T22:04:59","date_gmt":"2024-07-09T01:04:59","guid":{"rendered":"https:\/\/locababyekids.com.br\/sn\/?post_type=product&#038;p=2174"},"modified":"2024-07-08T22:43:07","modified_gmt":"2024-07-09T01:43:07","slug":"babador-bebe-com-bolso-pega-migalhas-e-botao-minnie-baby-go-cor-rosa","status":"publish","type":"product","link":"https:\/\/locababyekids.com.br\/sn\/product\/babador-bebe-com-bolso-pega-migalhas-e-botao-minnie-baby-go-cor-rosa\/","title":{"rendered":"Babador Beb\u00ea com Bolso Pega Migalhas e Bot\u00e3o Minnie Baby Go Cor Rosa"},"content":{"rendered":"<p>Disney BabyGo evita que res\u00edduos alimentares caiam no ch\u00e3o. Foi confeccionado com ajuste de tamanho. \u00c9 ideal para as primeiras alimenta\u00e7\u00f5es do beb\u00ea.<\/p>\n<p><span style=\"color: #808080; font-size: 12px;\">Composi\u00e7\u00e3o Material: Poli\u00e9ster, PVC.<br \/>\nDimens\u00f5es do produto: 27 cm x 27 cm.<br \/>\n<\/span><span style=\"color: #808080; font-size: 12px;\">Dimens\u00f5es do pacote: 24 cm x\u00a0 20 cm x 13 cm.<\/span><br \/>\n<span style=\"color: #808080; font-size: 12px;\">Peso: 100 g.<\/span><\/p>\n","protected":false},"excerpt":{"rendered":"<p>Disney BabyGo evita que res\u00edduos alimentares caiam no ch\u00e3o. Foi confeccionado com ajuste de tamanho. \u00c9 ideal para as primeiras alimenta\u00e7\u00f5es do beb\u00ea. Composi\u00e7\u00e3o Material: Poli\u00e9ster, PVC. Dimens\u00f5es do produto:<\/p>\n","protected":false},"featured_media":2175,"comment_status":"open","ping_status":"closed","template":"","meta":{"_joinchat":[]},"product_cat":[170],"product_tag":[],"class_list":{"0":"post-2174","1":"product","2":"type-product","3":"status-publish","6":"product_cat-babador","8":"first","9":"instock","10":"taxable","11":"shipping-taxable","12":"purchasable","13":"product-type-simple"},"_links":{"self":[{"href":"https:\/\/locababyekids.com.br\/sn\/wp-json\/wp\/v2\/product\/2174"}],"collection":[{"href":"https:\/\/locababyekids.com.br\/sn\/wp-json\/wp\/v2\/product"}],"about":[{"href":"https:\/\/locababyekids.com.br\/sn\/wp-json\/wp\/v2\/types\/product"}],"replies":[{"embeddable":true,"href":"https:\/\/locababyekids.com.br\/sn\/wp-json\/wp\/v2\/comments?post=2174"}],"version-history":[{"count":0,"href":"https:\/\/locababyekids.com.br\/sn\/wp-json\/wp\/v2\/product\/2174\/revisions"}],"wp:featuredmedia":[{"embeddable":true,"href":"https:\/\/locababyekids.com.br\/sn\/wp-json\/wp\/v2\/media\/2175"}],"wp:attachment":[{"href":"https:\/\/locababyekids.com.br\/sn\/wp-json\/wp\/v2\/media?parent=2174"}],"wp:term":[{"taxonomy":"product_cat","embeddable":true,"href":"https:\/\/locababyekids.com.br\/sn\/wp-json\/wp\/v2\/product_cat?post=2174"},{"taxonomy":"product_tag","embeddable":true,"href":"https:\/\/locababyekids.com.br\/sn\/wp-json\/wp\/v2\/product_tag?post=2174"}],"curies":[{"name":"wp","href":"https:\/\/api.w.org\/{rel}","templated":true}]}}