{"id":2177,"date":"2024-07-08T22:47:53","date_gmt":"2024-07-09T01:47:53","guid":{"rendered":"https:\/\/locababyekids.com.br\/sn\/?post_type=product&#038;p=2177"},"modified":"2025-05-27T16:49:48","modified_gmt":"2025-05-27T19:49:48","slug":"berco-cercado-eco","status":"publish","type":"product","link":"https:\/\/locababyekids.com.br\/sn\/product\/berco-cercado-eco\/","title":{"rendered":"Ber\u00e7o Cercado Eco"},"content":{"rendered":"<p>O Ber\u00e7o Cercado \u00e9 bonito, vers\u00e1til, pr\u00e1tico, mont\u00e1vel e desmont\u00e1vel, acompanha uma linda bolsa de transporte com duas al\u00e7as para poder carregar facilmente para onde desejar. 2 em 1: Ber\u00e7o e Cercadinho.<\/p>\n<p><span style=\"color: #808080; font-size: 12px;\">Capacidade de peso: 18kg.<br \/>\nDimens\u00f5es do produto: 100 cm x 70 cm x 70 cm.<\/span><br \/>\n<span style=\"color: #808080; font-size: 12px;\">Peso do produto: 5 kg.<\/span><\/p>\n","protected":false},"excerpt":{"rendered":"<p><a href=\"https:\/\/wa.me\/553136461063\" target=\"_blank\" rel=\"noopener\" aria-label=\"Chat on WhatsApp\"><br \/>\n<button>Loca\u00e7\u00e3o<\/button><\/a>\u00a0 \u00a0<a href=\"https:\/\/wa.me\/553136461063\" target=\"_blank\" rel=\"noopener\" aria-label=\"Chat on WhatsApp\"><img decoding=\"async\" class=\"alignnone wp-image-1398\" src=\"https:\/\/locababyekids.com.br\/sn\/wp-content\/uploads\/2024\/06\/whatsapp-297x300.png\" alt=\"\" width=\"33\" height=\"33\" \/><\/a><\/p>\n","protected":false},"featured_media":2180,"comment_status":"open","ping_status":"closed","template":"","meta":{"_joinchat":[]},"product_cat":[291,238],"product_tag":[285],"class_list":{"0":"post-2177","1":"product","2":"type-product","3":"status-publish","6":"product_cat-aluguel-de-berco","7":"product_cat-berco-portatil","8":"product_tag-locacao","10":"first","11":"instock","12":"taxable","13":"shipping-taxable","14":"product-type-simple"},"_links":{"self":[{"href":"https:\/\/locababyekids.com.br\/sn\/wp-json\/wp\/v2\/product\/2177"}],"collection":[{"href":"https:\/\/locababyekids.com.br\/sn\/wp-json\/wp\/v2\/product"}],"about":[{"href":"https:\/\/locababyekids.com.br\/sn\/wp-json\/wp\/v2\/types\/product"}],"replies":[{"embeddable":true,"href":"https:\/\/locababyekids.com.br\/sn\/wp-json\/wp\/v2\/comments?post=2177"}],"version-history":[{"count":1,"href":"https:\/\/locababyekids.com.br\/sn\/wp-json\/wp\/v2\/product\/2177\/revisions"}],"predecessor-version":[{"id":2950,"href":"https:\/\/locababyekids.com.br\/sn\/wp-json\/wp\/v2\/product\/2177\/revisions\/2950"}],"wp:featuredmedia":[{"embeddable":true,"href":"https:\/\/locababyekids.com.br\/sn\/wp-json\/wp\/v2\/media\/2180"}],"wp:attachment":[{"href":"https:\/\/locababyekids.com.br\/sn\/wp-json\/wp\/v2\/media?parent=2177"}],"wp:term":[{"taxonomy":"product_cat","embeddable":true,"href":"https:\/\/locababyekids.com.br\/sn\/wp-json\/wp\/v2\/product_cat?post=2177"},{"taxonomy":"product_tag","embeddable":true,"href":"https:\/\/locababyekids.com.br\/sn\/wp-json\/wp\/v2\/product_tag?post=2177"}],"curies":[{"name":"wp","href":"https:\/\/api.w.org\/{rel}","templated":true}]}}