{"id":2182,"date":"2024-07-08T23:15:46","date_gmt":"2024-07-09T02:15:46","guid":{"rendered":"https:\/\/locababyekids.com.br\/sn\/?post_type=product&#038;p=2182"},"modified":"2025-05-27T16:49:48","modified_gmt":"2025-05-27T19:49:48","slug":"berco-infantil-dream","status":"publish","type":"product","link":"https:\/\/locababyekids.com.br\/sn\/product\/berco-infantil-dream\/","title":{"rendered":"Ber\u00e7o Infantil Dream"},"content":{"rendered":"<p>O Ber\u00e7o Cercado \u00e9 bonito, vers\u00e1til, pr\u00e1tico, mont\u00e1vel e desmont\u00e1vel, acompanha uma linda bolsa de transporte com duas al\u00e7as para poder carregar facilmente para onde desejar.<\/p>\n<p>Detalhes:<br \/>\n&#8211; 1 \u00ba altura mais baixa suporta at\u00e9 18 Kg;<br \/>\n&#8211; 2 \u00ba mais alta suporta at\u00e9 6 Kg.<\/p>\n<p>Medidas:<br \/>\nDimens\u00f5es da Caixa Fechada:<br \/>\nLargura: 24 cm;<br \/>\nProfundidade: 24 cm;<br \/>\nAltura: 79 cm.<\/p>\n<p>Dimens\u00f5es por Produto:<br \/>\nLargura: 105 cm;<br \/>\nProfundidade: 75 cm;<br \/>\nAltura: 60 cm.<\/p>\n","protected":false},"excerpt":{"rendered":"<p><a href=\"https:\/\/wa.me\/553136461063\" target=\"_blank\" rel=\"noopener\" aria-label=\"Chat on WhatsApp\"><br \/>\n<button>Loca\u00e7\u00e3o<\/button><\/a>\u00a0 \u00a0<a href=\"https:\/\/wa.me\/553136461063\" target=\"_blank\" rel=\"noopener\" aria-label=\"Chat on WhatsApp\"><img decoding=\"async\" class=\"alignnone wp-image-1398\" src=\"https:\/\/locababyekids.com.br\/sn\/wp-content\/uploads\/2024\/06\/whatsapp-297x300.png\" alt=\"\" width=\"33\" height=\"33\" \/><\/a><\/p>\n","protected":false},"featured_media":2184,"comment_status":"open","ping_status":"closed","template":"","meta":{"_joinchat":[]},"product_cat":[291,238],"product_tag":[285],"class_list":{"0":"post-2182","1":"product","2":"type-product","3":"status-publish","6":"product_cat-aluguel-de-berco","7":"product_cat-berco-portatil","8":"product_tag-locacao","10":"first","11":"instock","12":"taxable","13":"shipping-taxable","14":"product-type-simple"},"_links":{"self":[{"href":"https:\/\/locababyekids.com.br\/sn\/wp-json\/wp\/v2\/product\/2182"}],"collection":[{"href":"https:\/\/locababyekids.com.br\/sn\/wp-json\/wp\/v2\/product"}],"about":[{"href":"https:\/\/locababyekids.com.br\/sn\/wp-json\/wp\/v2\/types\/product"}],"replies":[{"embeddable":true,"href":"https:\/\/locababyekids.com.br\/sn\/wp-json\/wp\/v2\/comments?post=2182"}],"version-history":[{"count":1,"href":"https:\/\/locababyekids.com.br\/sn\/wp-json\/wp\/v2\/product\/2182\/revisions"}],"predecessor-version":[{"id":2949,"href":"https:\/\/locababyekids.com.br\/sn\/wp-json\/wp\/v2\/product\/2182\/revisions\/2949"}],"wp:featuredmedia":[{"embeddable":true,"href":"https:\/\/locababyekids.com.br\/sn\/wp-json\/wp\/v2\/media\/2184"}],"wp:attachment":[{"href":"https:\/\/locababyekids.com.br\/sn\/wp-json\/wp\/v2\/media?parent=2182"}],"wp:term":[{"taxonomy":"product_cat","embeddable":true,"href":"https:\/\/locababyekids.com.br\/sn\/wp-json\/wp\/v2\/product_cat?post=2182"},{"taxonomy":"product_tag","embeddable":true,"href":"https:\/\/locababyekids.com.br\/sn\/wp-json\/wp\/v2\/product_tag?post=2182"}],"curies":[{"name":"wp","href":"https:\/\/api.w.org\/{rel}","templated":true}]}}