{"id":2187,"date":"2024-07-08T23:32:35","date_gmt":"2024-07-09T02:32:35","guid":{"rendered":"https:\/\/locababyekids.com.br\/sn\/?post_type=product&#038;p=2187"},"modified":"2025-05-27T16:49:48","modified_gmt":"2025-05-27T19:49:48","slug":"berco-portatil-galzerano","status":"publish","type":"product","link":"https:\/\/locababyekids.com.br\/sn\/product\/berco-portatil-galzerano\/","title":{"rendered":"Ber\u00e7o Port\u00e1til Galzerano"},"content":{"rendered":"<p>Conforto e seguran\u00e7a na hora de dormir com o Ber\u00e7o Port\u00e1til Sonho Cappuccino da Galzerano. Dobr\u00e1vel e de f\u00e1cil montagem, com bolsa para transporte inclusa, \u00e9 um produto excelente para viagens. Fabricado em material de alta qualidade, \u00e9 ideal para beb\u00eas de at\u00e9 18 Kg. Possui acolchoado de espuma revestido, com 2 regulagens de altura (redutor de altura), bolso lateral, tela mosquiteiro e rod\u00edzios para f\u00e1cil deslocamento com sistema de travamento.<\/p>\n<p><span style=\"color: #808080; font-size: 12px;\">Capacidade de peso: at\u00e9 18kg.<br \/>\nDimens\u00f5es do produto: 106 cm x 77 cm x 73 cm.<br \/>\n<\/span><span style=\"color: #808080; font-size: 12px;\">Dimens\u00f5es com embalagem: 78 cm x 23 cm x 22 cm.<\/span><br \/>\n<span style=\"color: #808080; font-size: 12px;\">Peso do produto: 8,7 kg.<br \/>\nPeso com embalagem: 9 kg.<br \/>\n<\/span><\/p>\n","protected":false},"excerpt":{"rendered":"<p><a href=\"https:\/\/wa.me\/553136461063\" target=\"_blank\" rel=\"noopener\" aria-label=\"Chat on WhatsApp\"><br \/>\n<button>Loca\u00e7\u00e3o<\/button><\/a>\u00a0 \u00a0<a href=\"https:\/\/wa.me\/553136461063\" target=\"_blank\" rel=\"noopener\" aria-label=\"Chat on WhatsApp\"><img decoding=\"async\" class=\"alignnone wp-image-1398\" src=\"https:\/\/locababyekids.com.br\/sn\/wp-content\/uploads\/2024\/06\/whatsapp-297x300.png\" alt=\"\" width=\"33\" height=\"33\" \/><\/a><\/p>\n","protected":false},"featured_media":2190,"comment_status":"open","ping_status":"closed","template":"","meta":{"_joinchat":[]},"product_cat":[291,238],"product_tag":[285],"class_list":{"0":"post-2187","1":"product","2":"type-product","3":"status-publish","6":"product_cat-aluguel-de-berco","7":"product_cat-berco-portatil","8":"product_tag-locacao","10":"first","11":"instock","12":"taxable","13":"shipping-taxable","14":"product-type-simple"},"_links":{"self":[{"href":"https:\/\/locababyekids.com.br\/sn\/wp-json\/wp\/v2\/product\/2187"}],"collection":[{"href":"https:\/\/locababyekids.com.br\/sn\/wp-json\/wp\/v2\/product"}],"about":[{"href":"https:\/\/locababyekids.com.br\/sn\/wp-json\/wp\/v2\/types\/product"}],"replies":[{"embeddable":true,"href":"https:\/\/locababyekids.com.br\/sn\/wp-json\/wp\/v2\/comments?post=2187"}],"version-history":[{"count":1,"href":"https:\/\/locababyekids.com.br\/sn\/wp-json\/wp\/v2\/product\/2187\/revisions"}],"predecessor-version":[{"id":2948,"href":"https:\/\/locababyekids.com.br\/sn\/wp-json\/wp\/v2\/product\/2187\/revisions\/2948"}],"wp:featuredmedia":[{"embeddable":true,"href":"https:\/\/locababyekids.com.br\/sn\/wp-json\/wp\/v2\/media\/2190"}],"wp:attachment":[{"href":"https:\/\/locababyekids.com.br\/sn\/wp-json\/wp\/v2\/media?parent=2187"}],"wp:term":[{"taxonomy":"product_cat","embeddable":true,"href":"https:\/\/locababyekids.com.br\/sn\/wp-json\/wp\/v2\/product_cat?post=2187"},{"taxonomy":"product_tag","embeddable":true,"href":"https:\/\/locababyekids.com.br\/sn\/wp-json\/wp\/v2\/product_tag?post=2187"}],"curies":[{"name":"wp","href":"https:\/\/api.w.org\/{rel}","templated":true}]}}