{"id":2192,"date":"2024-07-09T00:22:42","date_gmt":"2024-07-09T03:22:42","guid":{"rendered":"https:\/\/locababyekids.com.br\/sn\/?post_type=product&#038;p=2192"},"modified":"2025-05-27T16:49:48","modified_gmt":"2025-05-27T19:49:48","slug":"berco-balanco-automatico","status":"publish","type":"product","link":"https:\/\/locababyekids.com.br\/sn\/product\/berco-balanco-automatico\/","title":{"rendered":"Ber\u00e7o Balan\u00e7o Autom\u00e1tico"},"content":{"rendered":"<p>O ber\u00e7o bluetooth \u00e9 o mais completo do mercado. Ele \u00e9 recomendado desde 3 kg at\u00e9 13,6 kg.<br \/>\nPossui 5 velocidades de balan\u00e7o, timer de 15, 30.<br \/>\nO ber\u00e7o \u00e9 vers\u00e1til, possui duas alturas regul\u00e1veis, o cesto pode ser removido, transformando-o em um mois\u00e9s.<br \/>\nber\u00e7o seja acoplado \u00e0 cama dos pais.<br \/>\nA capota vem com mosquiteiro acoplado. A base possui rodinhas com trava de seguran\u00e7a e p\u00e9s antiderrapantes.<br \/>\nQuando fechado o cesto fica a 50 cm do colch\u00e3o at\u00e9 o ch\u00e3o e quando aberto\/expandido o cesto fica a 25 cm do colch\u00e3o at\u00e9 o ch\u00e3o. Modo ber\u00e7o (na altura m\u00ednima): quando fechado o cesto fica a 35 cm do colch\u00e3o at\u00e9 o ch\u00e3o e quando aberto\/expandido o cesto fica a 10 cm do colch\u00e3o at\u00e9 o ch\u00e3o. A medida interna do ber\u00e7o \u00e9 de 85 x 46 cm.<\/p>\n<p><span style=\"color: #808080; font-size: 12px;\">Idade recomendada: 3 &#8211; 8 meses.<br \/>\nDimens\u00f5es do produto: 102 cm x 92 cm x 55 cm.<\/span><span style=\"color: #808080; font-size: 12px;\"><br \/>\n<\/span><\/p>\n","protected":false},"excerpt":{"rendered":"<p><a href=\"https:\/\/wa.me\/553136461063\" target=\"_blank\" rel=\"noopener\" aria-label=\"Chat on WhatsApp\"><br \/>\n<button>Loca\u00e7\u00e3o<\/button><\/a>\u00a0 \u00a0<a href=\"https:\/\/wa.me\/553136461063\" target=\"_blank\" rel=\"noopener\" aria-label=\"Chat on WhatsApp\"><img decoding=\"async\" class=\"alignnone wp-image-1398\" src=\"https:\/\/locababyekids.com.br\/sn\/wp-content\/uploads\/2024\/06\/whatsapp-297x300.png\" alt=\"\" width=\"33\" height=\"33\" \/><\/a><\/p>\n","protected":false},"featured_media":2193,"comment_status":"open","ping_status":"closed","template":"","meta":{"_joinchat":[]},"product_cat":[291,238],"product_tag":[285],"class_list":{"0":"post-2192","1":"product","2":"type-product","3":"status-publish","6":"product_cat-aluguel-de-berco","7":"product_cat-berco-portatil","8":"product_tag-locacao","10":"first","11":"instock","12":"taxable","13":"shipping-taxable","14":"product-type-simple"},"_links":{"self":[{"href":"https:\/\/locababyekids.com.br\/sn\/wp-json\/wp\/v2\/product\/2192"}],"collection":[{"href":"https:\/\/locababyekids.com.br\/sn\/wp-json\/wp\/v2\/product"}],"about":[{"href":"https:\/\/locababyekids.com.br\/sn\/wp-json\/wp\/v2\/types\/product"}],"replies":[{"embeddable":true,"href":"https:\/\/locababyekids.com.br\/sn\/wp-json\/wp\/v2\/comments?post=2192"}],"version-history":[{"count":1,"href":"https:\/\/locababyekids.com.br\/sn\/wp-json\/wp\/v2\/product\/2192\/revisions"}],"predecessor-version":[{"id":2947,"href":"https:\/\/locababyekids.com.br\/sn\/wp-json\/wp\/v2\/product\/2192\/revisions\/2947"}],"wp:featuredmedia":[{"embeddable":true,"href":"https:\/\/locababyekids.com.br\/sn\/wp-json\/wp\/v2\/media\/2193"}],"wp:attachment":[{"href":"https:\/\/locababyekids.com.br\/sn\/wp-json\/wp\/v2\/media?parent=2192"}],"wp:term":[{"taxonomy":"product_cat","embeddable":true,"href":"https:\/\/locababyekids.com.br\/sn\/wp-json\/wp\/v2\/product_cat?post=2192"},{"taxonomy":"product_tag","embeddable":true,"href":"https:\/\/locababyekids.com.br\/sn\/wp-json\/wp\/v2\/product_tag?post=2192"}],"curies":[{"name":"wp","href":"https:\/\/api.w.org\/{rel}","templated":true}]}}