{"id":2230,"date":"2024-07-14T17:50:32","date_gmt":"2024-07-14T20:50:32","guid":{"rendered":"https:\/\/locababyekids.com.br\/sn\/?post_type=product&#038;p=2230"},"modified":"2025-05-27T16:49:48","modified_gmt":"2025-05-27T19:49:48","slug":"berco-cuna-em-acrilico","status":"publish","type":"product","link":"https:\/\/locababyekids.com.br\/sn\/product\/berco-cuna-em-acrilico\/","title":{"rendered":"Ber\u00e7o Cuna em Acr\u00edlico"},"content":{"rendered":"<p>* Estrutura constru\u00edda em tubo de a\u00e7o carbono;<br \/>\n* Cesto remov\u00edvel de acr\u00edlico transparente com bordas arredondadas;<br \/>\n* Movimento obtido atrav\u00e9s de sistema manual proporcionando os movimentos de trendelemburg e reverso de trendelemburg (proclive);<br \/>\n* Prateleira em a\u00e7o carbono para guardar conveni\u00eancias;<br \/>\n* Al\u00e7a para transporte fixa no ber\u00e7o;<br \/>\n* Rodizio girat\u00f3rio de 2 pol. com freio em diagonal;<br \/>\n* Acabamento das soldas refor\u00e7adas de forma que n\u00e3o possibilite nenhum tipo de exposi\u00e7\u00e3o futura;<br \/>\n* Pintura eletrost\u00e1tica.<\/p>\n<p><span style=\"color: #808080; font-size: 12px;\">Capacidade de peso: 10 kg.<br \/>\nComprimento de 80 cm a 1,0 mt;<br \/>\nLargura de 45 cm a 60 cm;<br \/>\nAltura de 80 cm a 1,0 mt.<\/span><span style=\"color: #808080; font-size: 12px;\"><br \/>\n<\/span><\/p>\n","protected":false},"excerpt":{"rendered":"<p><a href=\"https:\/\/wa.me\/553136461063\" target=\"_blank\" rel=\"noopener\" aria-label=\"Chat on WhatsApp\"><br \/>\n<button>Loca\u00e7\u00e3o<\/button><\/a>\u00a0 \u00a0<a href=\"https:\/\/wa.me\/553136461063\" target=\"_blank\" rel=\"noopener\" aria-label=\"Chat on WhatsApp\"><img decoding=\"async\" class=\"alignnone wp-image-1398\" src=\"https:\/\/locababyekids.com.br\/sn\/wp-content\/uploads\/2024\/06\/whatsapp-297x300.png\" alt=\"\" width=\"33\" height=\"33\" \/><\/a><\/p>\n","protected":false},"featured_media":2231,"comment_status":"open","ping_status":"closed","template":"","meta":{"_joinchat":[]},"product_cat":[291,258],"product_tag":[285],"class_list":{"0":"post-2230","1":"product","2":"type-product","3":"status-publish","6":"product_cat-aluguel-de-berco","7":"product_cat-berco-cuna","8":"product_tag-locacao","10":"first","11":"instock","12":"taxable","13":"shipping-taxable","14":"product-type-simple"},"_links":{"self":[{"href":"https:\/\/locababyekids.com.br\/sn\/wp-json\/wp\/v2\/product\/2230"}],"collection":[{"href":"https:\/\/locababyekids.com.br\/sn\/wp-json\/wp\/v2\/product"}],"about":[{"href":"https:\/\/locababyekids.com.br\/sn\/wp-json\/wp\/v2\/types\/product"}],"replies":[{"embeddable":true,"href":"https:\/\/locababyekids.com.br\/sn\/wp-json\/wp\/v2\/comments?post=2230"}],"version-history":[{"count":1,"href":"https:\/\/locababyekids.com.br\/sn\/wp-json\/wp\/v2\/product\/2230\/revisions"}],"predecessor-version":[{"id":2946,"href":"https:\/\/locababyekids.com.br\/sn\/wp-json\/wp\/v2\/product\/2230\/revisions\/2946"}],"wp:featuredmedia":[{"embeddable":true,"href":"https:\/\/locababyekids.com.br\/sn\/wp-json\/wp\/v2\/media\/2231"}],"wp:attachment":[{"href":"https:\/\/locababyekids.com.br\/sn\/wp-json\/wp\/v2\/media?parent=2230"}],"wp:term":[{"taxonomy":"product_cat","embeddable":true,"href":"https:\/\/locababyekids.com.br\/sn\/wp-json\/wp\/v2\/product_cat?post=2230"},{"taxonomy":"product_tag","embeddable":true,"href":"https:\/\/locababyekids.com.br\/sn\/wp-json\/wp\/v2\/product_tag?post=2230"}],"curies":[{"name":"wp","href":"https:\/\/api.w.org\/{rel}","templated":true}]}}