{"id":2233,"date":"2024-07-14T18:32:12","date_gmt":"2024-07-14T21:32:12","guid":{"rendered":"https:\/\/locababyekids.com.br\/sn\/?post_type=product&#038;p=2233"},"modified":"2025-05-27T16:49:48","modified_gmt":"2025-05-27T19:49:48","slug":"berco-fixo-e-grade-movel-com-cabeceira-peseira-em-mdf","status":"publish","type":"product","link":"https:\/\/locababyekids.com.br\/sn\/product\/berco-fixo-e-grade-movel-com-cabeceira-peseira-em-mdf\/","title":{"rendered":"Ber\u00e7o Fixo e Grade M\u00f3vel com Cabeceira\/Peseira em MDF"},"content":{"rendered":"<p>Base em a\u00e7o carbono com p\u00e9s recuados, perfilado em U.<br \/>\nLeito (estrado) articulado em chapa de a\u00e7o carbono.<br \/>\nCabeceira e Peseira em Poliuretado injetadas, remov\u00edveis, estruturadas nas laterais, com encaixe r\u00e1pido e f\u00e1cil.<br \/>\nGrades laterais confeccionadas em tubo de a\u00e7o carbono.<br \/>\nSistema de acionamento dos movimentos por 2 manivelas inox escamote\u00e1veis, com cabo baquelite.<br \/>\nPara-choque, fixados nos 4 cantos da cama para prote\u00e7\u00e3o das paredes e\/ou outros m\u00f3veis.<br \/>\nCont\u00e9m 4 rod\u00edzios de 3 polegadas, com freios de dupla a\u00e7\u00e3o em diagonal.<br \/>\nAcabamento das soldas refor\u00e7adas de forma que n\u00e3o possibilite nenhum tipo de exposi\u00e7\u00e3o futura.<\/p>\n<p><span style=\"color: #808080; font-size: 12px;\">Capacidade de peso: at\u00e9 150 kg.<br \/>\nDimens\u00f5es do produto: 145 cm (C) x 75 cm (L).<br \/>\nDimens\u00f5es do Leito: 130 cm (C) x 60 cm (L).<br \/>\nAltura total: 1,20 mt.<br \/>\nAltura (do ch\u00e3o ao leito): 57 cm.<\/span><span style=\"color: #808080; font-size: 12px;\"><br \/>\n<\/span><\/p>\n","protected":false},"excerpt":{"rendered":"<p><a href=\"https:\/\/wa.me\/553136461063\" target=\"_blank\" rel=\"noopener\" aria-label=\"Chat on WhatsApp\"><br \/>\n<button>Loca\u00e7\u00e3o<\/button><\/a>\u00a0 \u00a0<a href=\"https:\/\/wa.me\/553136461063\" target=\"_blank\" rel=\"noopener\" aria-label=\"Chat on WhatsApp\"><img decoding=\"async\" class=\"alignnone wp-image-1398\" src=\"https:\/\/locababyekids.com.br\/sn\/wp-content\/uploads\/2024\/06\/whatsapp-297x300.png\" alt=\"\" width=\"33\" height=\"33\" \/><\/a><\/p>\n","protected":false},"featured_media":2234,"comment_status":"open","ping_status":"closed","template":"","meta":{"_joinchat":[]},"product_cat":[291,255],"product_tag":[285],"class_list":{"0":"post-2233","1":"product","2":"type-product","3":"status-publish","6":"product_cat-aluguel-de-berco","7":"product_cat-berco-fixo-sem-manivela","8":"product_tag-locacao","10":"first","11":"instock","12":"taxable","13":"shipping-taxable","14":"product-type-simple"},"_links":{"self":[{"href":"https:\/\/locababyekids.com.br\/sn\/wp-json\/wp\/v2\/product\/2233"}],"collection":[{"href":"https:\/\/locababyekids.com.br\/sn\/wp-json\/wp\/v2\/product"}],"about":[{"href":"https:\/\/locababyekids.com.br\/sn\/wp-json\/wp\/v2\/types\/product"}],"replies":[{"embeddable":true,"href":"https:\/\/locababyekids.com.br\/sn\/wp-json\/wp\/v2\/comments?post=2233"}],"version-history":[{"count":1,"href":"https:\/\/locababyekids.com.br\/sn\/wp-json\/wp\/v2\/product\/2233\/revisions"}],"predecessor-version":[{"id":2945,"href":"https:\/\/locababyekids.com.br\/sn\/wp-json\/wp\/v2\/product\/2233\/revisions\/2945"}],"wp:featuredmedia":[{"embeddable":true,"href":"https:\/\/locababyekids.com.br\/sn\/wp-json\/wp\/v2\/media\/2234"}],"wp:attachment":[{"href":"https:\/\/locababyekids.com.br\/sn\/wp-json\/wp\/v2\/media?parent=2233"}],"wp:term":[{"taxonomy":"product_cat","embeddable":true,"href":"https:\/\/locababyekids.com.br\/sn\/wp-json\/wp\/v2\/product_cat?post=2233"},{"taxonomy":"product_tag","embeddable":true,"href":"https:\/\/locababyekids.com.br\/sn\/wp-json\/wp\/v2\/product_tag?post=2233"}],"curies":[{"name":"wp","href":"https:\/\/api.w.org\/{rel}","templated":true}]}}