{"id":2236,"date":"2024-07-14T19:47:36","date_gmt":"2024-07-14T22:47:36","guid":{"rendered":"https:\/\/locababyekids.com.br\/sn\/?post_type=product&#038;p=2236"},"modified":"2025-05-27T16:49:48","modified_gmt":"2025-05-27T19:49:48","slug":"berco-fawler-2-manivelas-com-grades-moveis","status":"publish","type":"product","link":"https:\/\/locababyekids.com.br\/sn\/product\/berco-fawler-2-manivelas-com-grades-moveis\/","title":{"rendered":"Ber\u00e7o Fawler 2 Manivelas com Grades M\u00f3veis"},"content":{"rendered":"<p>Base em a\u00e7o carbono com p\u00e9s recuados, perfilado em U.<br \/>\nCabeceira e Peseira em Poliuretano Injetado, remov\u00edveis, estruturadas nas laterais, com encaixe r\u00e1pido e f\u00e1cil.<br \/>\nGrades laterais. Base em a\u00e7o carbono com p\u00e9s recuados, perfilado em U.<br \/>\nEstrutura do Estrado em a\u00e7o carbono.<br \/>\nEstrado (leito) articulado em chapa de a\u00e7o carbono.<br \/>\nSistema de acionamento dos movimentos em tubo redondo.<br \/>\nPara-choque, fixados nos 4 quantos da cama para a prote\u00e7\u00e3o de paredes e\/ou outros m\u00f3veis.<br \/>\nPossui 4 rod\u00edzios com freios de dupla a\u00e7\u00e3o em diagonal.<\/p>\n<p><span style=\"color: #808080; font-size: 12px;\">Dimens\u00f5es do produto: 170 cm (C) x 60 cm (L) x 80 cm (A).<\/span><span style=\"color: #808080; font-size: 12px;\"><br \/>\n<\/span><\/p>\n","protected":false},"excerpt":{"rendered":"<p><a href=\"https:\/\/wa.me\/553136461063\" target=\"_blank\" rel=\"noopener\" aria-label=\"Chat on WhatsApp\"><br \/>\n<button>Loca\u00e7\u00e3o<\/button><\/a>\u00a0 \u00a0<a href=\"https:\/\/wa.me\/553136461063\" target=\"_blank\" rel=\"noopener\" aria-label=\"Chat on WhatsApp\"><img decoding=\"async\" class=\"alignnone wp-image-1398\" src=\"https:\/\/locababyekids.com.br\/sn\/wp-content\/uploads\/2024\/06\/whatsapp-297x300.png\" alt=\"\" width=\"33\" height=\"33\" \/><\/a><\/p>\n","protected":false},"featured_media":2237,"comment_status":"open","ping_status":"closed","template":"","meta":{"_joinchat":[]},"product_cat":[291,256],"product_tag":[285],"class_list":{"0":"post-2236","1":"product","2":"type-product","3":"status-publish","6":"product_cat-aluguel-de-berco","7":"product_cat-berco-2-manivelas-pead","8":"product_tag-locacao","10":"first","11":"instock","12":"taxable","13":"shipping-taxable","14":"product-type-simple"},"_links":{"self":[{"href":"https:\/\/locababyekids.com.br\/sn\/wp-json\/wp\/v2\/product\/2236"}],"collection":[{"href":"https:\/\/locababyekids.com.br\/sn\/wp-json\/wp\/v2\/product"}],"about":[{"href":"https:\/\/locababyekids.com.br\/sn\/wp-json\/wp\/v2\/types\/product"}],"replies":[{"embeddable":true,"href":"https:\/\/locababyekids.com.br\/sn\/wp-json\/wp\/v2\/comments?post=2236"}],"version-history":[{"count":1,"href":"https:\/\/locababyekids.com.br\/sn\/wp-json\/wp\/v2\/product\/2236\/revisions"}],"predecessor-version":[{"id":2944,"href":"https:\/\/locababyekids.com.br\/sn\/wp-json\/wp\/v2\/product\/2236\/revisions\/2944"}],"wp:featuredmedia":[{"embeddable":true,"href":"https:\/\/locababyekids.com.br\/sn\/wp-json\/wp\/v2\/media\/2237"}],"wp:attachment":[{"href":"https:\/\/locababyekids.com.br\/sn\/wp-json\/wp\/v2\/media?parent=2236"}],"wp:term":[{"taxonomy":"product_cat","embeddable":true,"href":"https:\/\/locababyekids.com.br\/sn\/wp-json\/wp\/v2\/product_cat?post=2236"},{"taxonomy":"product_tag","embeddable":true,"href":"https:\/\/locababyekids.com.br\/sn\/wp-json\/wp\/v2\/product_tag?post=2236"}],"curies":[{"name":"wp","href":"https:\/\/api.w.org\/{rel}","templated":true}]}}