{"id":2239,"date":"2024-07-14T21:29:48","date_gmt":"2024-07-15T00:29:48","guid":{"rendered":"https:\/\/locababyekids.com.br\/sn\/?post_type=product&#038;p=2239"},"modified":"2025-05-21T15:49:00","modified_gmt":"2025-05-21T18:49:00","slug":"bomba-tira-leite-eletrica-pais-e-filhos","status":"publish","type":"product","link":"https:\/\/locababyekids.com.br\/sn\/product\/bomba-tira-leite-eletrica-pais-e-filhos\/","title":{"rendered":"Bomba Tira Leite El\u00e9trica Pais e Filhos"},"content":{"rendered":"<p>A Bomba Tira Leite El\u00e9trica com USB da Pais e Filhos tem um design exclusivo para que voc\u00ea possa extrair o leite de maneira confort\u00e1vel, ajudando a prolongar a alimenta\u00e7\u00e3o do beb\u00ea com leite materno, podendo ser recarregada via USB.<\/p>\n<p>Possui design compacto e super leve. Com ele, retirar o alimento do seu beb\u00ea torna-se um momento mais que especial. Permite que o leite flua diretamente do seio para o recipiente. Sendo poss\u00edvel utilizar em posi\u00e7\u00e3o mais confort\u00e1vel, ficar relaxada ajuda o leite a fluir com mais facilidade.<\/p>\n<p>Sua almofada de silicone garante um est\u00edmulo mais suave e confort\u00e1vel do fluxo de leite. Al\u00e9m do produto ser higi\u00eanico, at\u00f3xico e livre de BPA.<\/p>\n<p><span style=\"color: #808080; font-size: 12px;\">Dimens\u00f5es do produto: 10 cm x 21 cm x 21 cm.<br \/>\n<\/span><span style=\"color: #808080; font-size: 12px;\">Dimens\u00f5es do pacote: 21,4 cm x\u00a0 21,1 cm x 10 cm.<\/span><br \/>\n<span style=\"color: #808080; font-size: 12px;\">Peso: 330 g.<\/span><\/p>\n","protected":false},"excerpt":{"rendered":"<p>A Bomba Tira Leite El\u00e9trica com USB da Pais e Filhos tem um design exclusivo para que voc\u00ea possa extrair o leite de maneira confort\u00e1vel, ajudando a prolongar a alimenta\u00e7\u00e3o<\/p>\n","protected":false},"featured_media":2240,"comment_status":"open","ping_status":"closed","template":"","meta":{"_joinchat":[]},"product_cat":[176],"product_tag":[],"class_list":{"0":"post-2239","1":"product","2":"type-product","3":"status-publish","6":"product_cat-extrator-manual-de-leite","8":"first","9":"instock","10":"featured","11":"taxable","12":"shipping-taxable","13":"purchasable","14":"product-type-simple"},"_links":{"self":[{"href":"https:\/\/locababyekids.com.br\/sn\/wp-json\/wp\/v2\/product\/2239"}],"collection":[{"href":"https:\/\/locababyekids.com.br\/sn\/wp-json\/wp\/v2\/product"}],"about":[{"href":"https:\/\/locababyekids.com.br\/sn\/wp-json\/wp\/v2\/types\/product"}],"replies":[{"embeddable":true,"href":"https:\/\/locababyekids.com.br\/sn\/wp-json\/wp\/v2\/comments?post=2239"}],"version-history":[{"count":0,"href":"https:\/\/locababyekids.com.br\/sn\/wp-json\/wp\/v2\/product\/2239\/revisions"}],"wp:featuredmedia":[{"embeddable":true,"href":"https:\/\/locababyekids.com.br\/sn\/wp-json\/wp\/v2\/media\/2240"}],"wp:attachment":[{"href":"https:\/\/locababyekids.com.br\/sn\/wp-json\/wp\/v2\/media?parent=2239"}],"wp:term":[{"taxonomy":"product_cat","embeddable":true,"href":"https:\/\/locababyekids.com.br\/sn\/wp-json\/wp\/v2\/product_cat?post=2239"},{"taxonomy":"product_tag","embeddable":true,"href":"https:\/\/locababyekids.com.br\/sn\/wp-json\/wp\/v2\/product_tag?post=2239"}],"curies":[{"name":"wp","href":"https:\/\/api.w.org\/{rel}","templated":true}]}}