{"id":2243,"date":"2024-07-15T21:25:51","date_gmt":"2024-07-16T00:25:51","guid":{"rendered":"https:\/\/locababyekids.com.br\/sn\/?post_type=product&#038;p=2243"},"modified":"2024-07-15T21:43:26","modified_gmt":"2024-07-16T00:43:26","slug":"bomba-tira-leite-extrator-manual-materno-150ml-baby-dufy","status":"publish","type":"product","link":"https:\/\/locababyekids.com.br\/sn\/product\/bomba-tira-leite-extrator-manual-materno-150ml-baby-dufy\/","title":{"rendered":"Bomba Tira Leite Extrator Manual Materno 150ml &#8211; Baby Dufy"},"content":{"rendered":"<p>Extrator de leite manual com posi\u00e7\u00e3o de extra\u00e7\u00e3o relaxada, sem necessidade de inclina\u00e7\u00e3o para a frente.<br \/>\nLeve e port\u00e1til &#8211; f\u00e1cil de transportar, utilizar e guardar.<br \/>\nMais confort\u00e1vel e maior fluxo de leite porque conforto \u00e9 extremamente importante.<br \/>\nEstar confort\u00e1vel durante a extra\u00e7\u00e3o ajuda a relaxar e permite que o seu leite flua mais f\u00e1cil.<\/p>\n<p><span style=\"color: #808080; font-size: 12px;\">Dimens\u00f5es do produto: 10 cm x 21 cm x 21 cm.<br \/>\n<\/span><span style=\"color: #808080; font-size: 12px;\">Dimens\u00f5es do pacote: 21,4 cm x\u00a0 21,1 cm x 10 cm.<\/span><br \/>\n<span style=\"color: #808080; font-size: 12px;\">Peso: 330 g.<\/span><\/p>\n","protected":false},"excerpt":{"rendered":"<p>Extrator de leite manual com posi\u00e7\u00e3o de extra\u00e7\u00e3o relaxada, sem necessidade de inclina\u00e7\u00e3o para a frente. Leve e port\u00e1til &#8211; f\u00e1cil de transportar, utilizar e guardar. Mais confort\u00e1vel e maior<\/p>\n","protected":false},"featured_media":2244,"comment_status":"open","ping_status":"closed","template":"","meta":{"_joinchat":[]},"product_cat":[176],"product_tag":[],"class_list":{"0":"post-2243","1":"product","2":"type-product","3":"status-publish","6":"product_cat-extrator-manual-de-leite","8":"first","9":"instock","10":"taxable","11":"shipping-taxable","12":"purchasable","13":"product-type-simple"},"_links":{"self":[{"href":"https:\/\/locababyekids.com.br\/sn\/wp-json\/wp\/v2\/product\/2243"}],"collection":[{"href":"https:\/\/locababyekids.com.br\/sn\/wp-json\/wp\/v2\/product"}],"about":[{"href":"https:\/\/locababyekids.com.br\/sn\/wp-json\/wp\/v2\/types\/product"}],"replies":[{"embeddable":true,"href":"https:\/\/locababyekids.com.br\/sn\/wp-json\/wp\/v2\/comments?post=2243"}],"version-history":[{"count":0,"href":"https:\/\/locababyekids.com.br\/sn\/wp-json\/wp\/v2\/product\/2243\/revisions"}],"wp:featuredmedia":[{"embeddable":true,"href":"https:\/\/locababyekids.com.br\/sn\/wp-json\/wp\/v2\/media\/2244"}],"wp:attachment":[{"href":"https:\/\/locababyekids.com.br\/sn\/wp-json\/wp\/v2\/media?parent=2243"}],"wp:term":[{"taxonomy":"product_cat","embeddable":true,"href":"https:\/\/locababyekids.com.br\/sn\/wp-json\/wp\/v2\/product_cat?post=2243"},{"taxonomy":"product_tag","embeddable":true,"href":"https:\/\/locababyekids.com.br\/sn\/wp-json\/wp\/v2\/product_tag?post=2243"}],"curies":[{"name":"wp","href":"https:\/\/api.w.org\/{rel}","templated":true}]}}