{"id":2248,"date":"2024-07-15T22:05:36","date_gmt":"2024-07-16T01:05:36","guid":{"rendered":"https:\/\/locababyekids.com.br\/sn\/?post_type=product&#038;p=2248"},"modified":"2025-05-21T15:48:51","modified_gmt":"2025-05-21T18:48:51","slug":"aquecedor-de-mamadeira-para-carro-love-azul","status":"publish","type":"product","link":"https:\/\/locababyekids.com.br\/sn\/product\/aquecedor-de-mamadeira-para-carro-love-azul\/","title":{"rendered":"Aquecedor De Mamadeira Para Carro Love Azul"},"content":{"rendered":"<p>O Aquecedor de Mamadeira Port\u00e1til Love foi desenvolvido para utiliza\u00e7\u00e3o em autom\u00f3veis, visando oferecer maior conforto para viagens e passeios de longa e de curta dist\u00e2ncia. F\u00e1cil utiliza\u00e7\u00e3o.<\/p>\n<p><span style=\"color: #808080; font-size: 12px;\">Dimens\u00f5es do produto: 30 cm x 9 cm x 4 cm.<br \/>\n<\/span><span style=\"color: #808080; font-size: 12px;\">Dimens\u00f5es do pacote: 16,6 cm x\u00a0 8,6 cm x 4,4 cm.<\/span><br \/>\n<span style=\"color: #808080; font-size: 12px;\">Peso: 50 g.<\/span><\/p>\n","protected":false},"excerpt":{"rendered":"<p>O Aquecedor de Mamadeira Port\u00e1til Love foi desenvolvido para utiliza\u00e7\u00e3o em autom\u00f3veis, visando oferecer maior conforto para viagens e passeios de longa e de curta dist\u00e2ncia. F\u00e1cil utiliza\u00e7\u00e3o. Dimens\u00f5es do<\/p>\n","protected":false},"featured_media":2250,"comment_status":"open","ping_status":"closed","template":"","meta":{"_joinchat":[]},"product_cat":[177],"product_tag":[],"class_list":{"0":"post-2248","1":"product","2":"type-product","3":"status-publish","6":"product_cat-mamadeira","8":"first","9":"instock","10":"featured","11":"taxable","12":"shipping-taxable","13":"purchasable","14":"product-type-simple"},"_links":{"self":[{"href":"https:\/\/locababyekids.com.br\/sn\/wp-json\/wp\/v2\/product\/2248"}],"collection":[{"href":"https:\/\/locababyekids.com.br\/sn\/wp-json\/wp\/v2\/product"}],"about":[{"href":"https:\/\/locababyekids.com.br\/sn\/wp-json\/wp\/v2\/types\/product"}],"replies":[{"embeddable":true,"href":"https:\/\/locababyekids.com.br\/sn\/wp-json\/wp\/v2\/comments?post=2248"}],"version-history":[{"count":0,"href":"https:\/\/locababyekids.com.br\/sn\/wp-json\/wp\/v2\/product\/2248\/revisions"}],"wp:featuredmedia":[{"embeddable":true,"href":"https:\/\/locababyekids.com.br\/sn\/wp-json\/wp\/v2\/media\/2250"}],"wp:attachment":[{"href":"https:\/\/locababyekids.com.br\/sn\/wp-json\/wp\/v2\/media?parent=2248"}],"wp:term":[{"taxonomy":"product_cat","embeddable":true,"href":"https:\/\/locababyekids.com.br\/sn\/wp-json\/wp\/v2\/product_cat?post=2248"},{"taxonomy":"product_tag","embeddable":true,"href":"https:\/\/locababyekids.com.br\/sn\/wp-json\/wp\/v2\/product_tag?post=2248"}],"curies":[{"name":"wp","href":"https:\/\/api.w.org\/{rel}","templated":true}]}}