{"id":2253,"date":"2024-07-15T23:18:46","date_gmt":"2024-07-16T02:18:46","guid":{"rendered":"https:\/\/locababyekids.com.br\/sn\/?post_type=product&#038;p=2253"},"modified":"2024-07-15T23:42:04","modified_gmt":"2024-07-16T02:42:04","slug":"aquecedor-de-mamadeira-para-carro-love-azul-copia","status":"publish","type":"product","link":"https:\/\/locababyekids.com.br\/sn\/product\/aquecedor-de-mamadeira-para-carro-love-azul-copia\/","title":{"rendered":"SaveMilk Mamatutti Relactador"},"content":{"rendered":"<p>Relacta\u00e7\u00e3o ou translacta\u00e7\u00e3o \u00e9 um m\u00e9todo que possibilita iniciar ou reiniciar a produ\u00e7\u00e3o de leite da m\u00e3e biol\u00f3gica ou adotiva. \u00c9 usado principalmente pelas m\u00e3es que n\u00e3o puderam amamentar nos primeiros dias de vida. Desse modo, a crian\u00e7a come\u00e7a a associar o peito com alimento, evitando assim o uso da mamadeira, que pode levar a um desmame precoce por confus\u00e3o de bicos ou por desinteresse do beb\u00ea pelo peito pela facilidade de fluxo de leite na mamadeira.<\/p>\n<p><span style=\"color: #808080; font-size: 12px;\">Idade recomendada:\u00a0 0-2 anos.<br \/>\nDimens\u00f5es do produto: 13,5 cm x 6 cm x 6 cm.<br \/>\n<\/span><span style=\"color: #808080; font-size: 12px;\">Dimens\u00f5es do pacote: 17,7 cm x\u00a0 12 cm x 7 cm.<\/span><br \/>\n<span style=\"color: #808080; font-size: 12px;\">Peso: 120 g.<\/span><\/p>\n","protected":false},"excerpt":{"rendered":"<p>Relacta\u00e7\u00e3o ou translacta\u00e7\u00e3o \u00e9 um m\u00e9todo que possibilita iniciar ou reiniciar a produ\u00e7\u00e3o de leite da m\u00e3e biol\u00f3gica ou adotiva. \u00c9 usado principalmente pelas m\u00e3es que n\u00e3o puderam amamentar nos<\/p>\n","protected":false},"featured_media":2258,"comment_status":"open","ping_status":"closed","template":"","meta":{"_joinchat":[]},"product_cat":[177],"product_tag":[],"class_list":{"0":"post-2253","1":"product","2":"type-product","3":"status-publish","6":"product_cat-mamadeira","8":"first","9":"instock","10":"taxable","11":"shipping-taxable","12":"purchasable","13":"product-type-simple"},"_links":{"self":[{"href":"https:\/\/locababyekids.com.br\/sn\/wp-json\/wp\/v2\/product\/2253"}],"collection":[{"href":"https:\/\/locababyekids.com.br\/sn\/wp-json\/wp\/v2\/product"}],"about":[{"href":"https:\/\/locababyekids.com.br\/sn\/wp-json\/wp\/v2\/types\/product"}],"replies":[{"embeddable":true,"href":"https:\/\/locababyekids.com.br\/sn\/wp-json\/wp\/v2\/comments?post=2253"}],"version-history":[{"count":0,"href":"https:\/\/locababyekids.com.br\/sn\/wp-json\/wp\/v2\/product\/2253\/revisions"}],"wp:featuredmedia":[{"embeddable":true,"href":"https:\/\/locababyekids.com.br\/sn\/wp-json\/wp\/v2\/media\/2258"}],"wp:attachment":[{"href":"https:\/\/locababyekids.com.br\/sn\/wp-json\/wp\/v2\/media?parent=2253"}],"wp:term":[{"taxonomy":"product_cat","embeddable":true,"href":"https:\/\/locababyekids.com.br\/sn\/wp-json\/wp\/v2\/product_cat?post=2253"},{"taxonomy":"product_tag","embeddable":true,"href":"https:\/\/locababyekids.com.br\/sn\/wp-json\/wp\/v2\/product_tag?post=2253"}],"curies":[{"name":"wp","href":"https:\/\/api.w.org\/{rel}","templated":true}]}}