{"id":2266,"date":"2024-07-17T22:45:37","date_gmt":"2024-07-18T01:45:37","guid":{"rendered":"https:\/\/locababyekids.com.br\/sn\/?post_type=product&#038;p=2266"},"modified":"2024-07-17T23:01:07","modified_gmt":"2024-07-18T02:01:07","slug":"amamente-concha-antiempedramento-base-flexivel-pos-parto","status":"publish","type":"product","link":"https:\/\/locababyekids.com.br\/sn\/product\/amamente-concha-antiempedramento-base-flexivel-pos-parto\/","title":{"rendered":"Amamente Concha Antiempedramento &#8211; Base Flex\u00edvel (P\u00f3s-Parto)"},"content":{"rendered":"<p>Para usar ap\u00f3s o parto<\/p>\n<ul>\n<li>Evita que a mama fique cheia e dolorida, prevenindo o empedramento do leite<\/li>\n<li>Auxilia na cicatriza\u00e7\u00e3o de fissuras e rachaduras, proporcionando al\u00edvio imediato<\/li>\n<li>Mant\u00e9m o mamilo saliente, arejado e sem atrito com o suti\u00e3<\/li>\n<li>Recolhe o excesso de leite<\/li>\n<\/ul>\n<p>Possui uma barreira interna que ajuda a evitar o vazamento de leite na roupa<\/p>\n<p><span style=\"color: #808080; font-size: 12px;\">Dimens\u00f5es do produto: 10,2 cm x 6 cm x 10,5 cm.<br \/>\n<\/span><span style=\"color: #808080; font-size: 12px;\">Dimens\u00f5es do pacote: 11,2 cm x\u00a0 10,6 cm x 6,2 cm.<\/span><br \/>\n<span style=\"color: #808080; font-size: 12px;\">Peso: 70 g.<\/span><\/p>\n","protected":false},"excerpt":{"rendered":"<p>Para usar ap\u00f3s o parto Evita que a mama fique cheia e dolorida, prevenindo o empedramento do leite Auxilia na cicatriza\u00e7\u00e3o de fissuras e rachaduras, proporcionando al\u00edvio imediato Mant\u00e9m o<\/p>\n","protected":false},"featured_media":2268,"comment_status":"open","ping_status":"closed","template":"","meta":{"_joinchat":[]},"product_cat":[212],"product_tag":[],"class_list":{"0":"post-2266","1":"product","2":"type-product","3":"status-publish","6":"product_cat-concha-anti-empedramento","8":"first","9":"instock","10":"taxable","11":"shipping-taxable","12":"product-type-simple"},"_links":{"self":[{"href":"https:\/\/locababyekids.com.br\/sn\/wp-json\/wp\/v2\/product\/2266"}],"collection":[{"href":"https:\/\/locababyekids.com.br\/sn\/wp-json\/wp\/v2\/product"}],"about":[{"href":"https:\/\/locababyekids.com.br\/sn\/wp-json\/wp\/v2\/types\/product"}],"replies":[{"embeddable":true,"href":"https:\/\/locababyekids.com.br\/sn\/wp-json\/wp\/v2\/comments?post=2266"}],"version-history":[{"count":0,"href":"https:\/\/locababyekids.com.br\/sn\/wp-json\/wp\/v2\/product\/2266\/revisions"}],"wp:featuredmedia":[{"embeddable":true,"href":"https:\/\/locababyekids.com.br\/sn\/wp-json\/wp\/v2\/media\/2268"}],"wp:attachment":[{"href":"https:\/\/locababyekids.com.br\/sn\/wp-json\/wp\/v2\/media?parent=2266"}],"wp:term":[{"taxonomy":"product_cat","embeddable":true,"href":"https:\/\/locababyekids.com.br\/sn\/wp-json\/wp\/v2\/product_cat?post=2266"},{"taxonomy":"product_tag","embeddable":true,"href":"https:\/\/locababyekids.com.br\/sn\/wp-json\/wp\/v2\/product_tag?post=2266"}],"curies":[{"name":"wp","href":"https:\/\/api.w.org\/{rel}","templated":true}]}}