{"id":2270,"date":"2024-07-17T23:02:26","date_gmt":"2024-07-18T02:02:26","guid":{"rendered":"https:\/\/locababyekids.com.br\/sn\/?post_type=product&#038;p=2270"},"modified":"2024-07-17T23:11:33","modified_gmt":"2024-07-18T02:11:33","slug":"porta-leite-materno-neopan","status":"publish","type":"product","link":"https:\/\/locababyekids.com.br\/sn\/product\/porta-leite-materno-neopan\/","title":{"rendered":"Porta Leite Materno Neopan"},"content":{"rendered":"<p>Pensando na import\u00e2ncia do leite materno para o beb\u00ea, foi desenvolvido um recipiente que \u00e9 ideal para o armazenamento. Fabricado em material at\u00f3xico, \u00e9 esteriliz\u00e1vel e pr\u00e1tico, possui tampa que proporciona uma perfeita veda\u00e7\u00e3o, evitando poss\u00edvel contamina\u00e7\u00e3o e perda das propriedades nutricionais do leite. N\u00e3o cont\u00e9m bisfenol A.<\/p>\n<p><span style=\"color: #808080; font-size: 12px;\">Cor do produto: Azul.<br \/>\nDimens\u00f5es do produto: 5,92 cm x 11,3 cm x 5,83 cm.<br \/>\n<\/span><span style=\"color: #808080; font-size: 12px;\">Dimens\u00f5es do pacote: 16,4 cm x\u00a0 12,2 cm x 6,6 cm.<\/span><br \/>\n<span style=\"color: #808080; font-size: 12px;\">Peso: 106 g.<\/span><\/p>\n","protected":false},"excerpt":{"rendered":"<p>Pensando na import\u00e2ncia do leite materno para o beb\u00ea, foi desenvolvido um recipiente que \u00e9 ideal para o armazenamento. Fabricado em material at\u00f3xico, \u00e9 esteriliz\u00e1vel e pr\u00e1tico, possui tampa que<\/p>\n","protected":false},"featured_media":2272,"comment_status":"open","ping_status":"closed","template":"","meta":{"_joinchat":[]},"product_cat":[212],"product_tag":[],"class_list":{"0":"post-2270","1":"product","2":"type-product","3":"status-publish","6":"product_cat-concha-anti-empedramento","8":"first","9":"instock","10":"taxable","11":"shipping-taxable","12":"purchasable","13":"product-type-simple"},"_links":{"self":[{"href":"https:\/\/locababyekids.com.br\/sn\/wp-json\/wp\/v2\/product\/2270"}],"collection":[{"href":"https:\/\/locababyekids.com.br\/sn\/wp-json\/wp\/v2\/product"}],"about":[{"href":"https:\/\/locababyekids.com.br\/sn\/wp-json\/wp\/v2\/types\/product"}],"replies":[{"embeddable":true,"href":"https:\/\/locababyekids.com.br\/sn\/wp-json\/wp\/v2\/comments?post=2270"}],"version-history":[{"count":0,"href":"https:\/\/locababyekids.com.br\/sn\/wp-json\/wp\/v2\/product\/2270\/revisions"}],"wp:featuredmedia":[{"embeddable":true,"href":"https:\/\/locababyekids.com.br\/sn\/wp-json\/wp\/v2\/media\/2272"}],"wp:attachment":[{"href":"https:\/\/locababyekids.com.br\/sn\/wp-json\/wp\/v2\/media?parent=2270"}],"wp:term":[{"taxonomy":"product_cat","embeddable":true,"href":"https:\/\/locababyekids.com.br\/sn\/wp-json\/wp\/v2\/product_cat?post=2270"},{"taxonomy":"product_tag","embeddable":true,"href":"https:\/\/locababyekids.com.br\/sn\/wp-json\/wp\/v2\/product_tag?post=2270"}],"curies":[{"name":"wp","href":"https:\/\/api.w.org\/{rel}","templated":true}]}}