{"id":2348,"date":"2024-08-01T23:05:11","date_gmt":"2024-08-02T02:05:11","guid":{"rendered":"https:\/\/locababyekids.com.br\/sn\/?post_type=product&#038;p=2348"},"modified":"2024-08-01T23:18:27","modified_gmt":"2024-08-02T02:18:27","slug":"vestido-bege-aplicacao-de-flores","status":"publish","type":"product","link":"https:\/\/locababyekids.com.br\/sn\/product\/vestido-bege-aplicacao-de-flores\/","title":{"rendered":"Vestido Bege Aplica\u00e7\u00e3o de Flores"},"content":{"rendered":"<p>Vestido Bege Aplica\u00e7\u00e3o de Flores<\/p>\n<p>100% Poli\u00e9ster<\/p>\n<p>Forro Saia de tule<\/p>\n<p>Tamanho 06 anos<\/p>\n","protected":false},"excerpt":{"rendered":"<p>Vestido Bege Aplica\u00e7\u00e3o de Flores 100% Poli\u00e9ster Forro Saia de tule Tamanho 06 anos<\/p>\n","protected":false},"featured_media":2349,"comment_status":"open","ping_status":"closed","template":"","meta":{"_joinchat":[]},"product_cat":[252],"product_tag":[],"class_list":{"0":"post-2348","1":"product","2":"type-product","3":"status-publish","6":"product_cat-vestidos","8":"first","9":"instock","10":"taxable","11":"shipping-taxable","12":"purchasable","13":"product-type-simple"},"_links":{"self":[{"href":"https:\/\/locababyekids.com.br\/sn\/wp-json\/wp\/v2\/product\/2348"}],"collection":[{"href":"https:\/\/locababyekids.com.br\/sn\/wp-json\/wp\/v2\/product"}],"about":[{"href":"https:\/\/locababyekids.com.br\/sn\/wp-json\/wp\/v2\/types\/product"}],"replies":[{"embeddable":true,"href":"https:\/\/locababyekids.com.br\/sn\/wp-json\/wp\/v2\/comments?post=2348"}],"version-history":[{"count":0,"href":"https:\/\/locababyekids.com.br\/sn\/wp-json\/wp\/v2\/product\/2348\/revisions"}],"wp:featuredmedia":[{"embeddable":true,"href":"https:\/\/locababyekids.com.br\/sn\/wp-json\/wp\/v2\/media\/2349"}],"wp:attachment":[{"href":"https:\/\/locababyekids.com.br\/sn\/wp-json\/wp\/v2\/media?parent=2348"}],"wp:term":[{"taxonomy":"product_cat","embeddable":true,"href":"https:\/\/locababyekids.com.br\/sn\/wp-json\/wp\/v2\/product_cat?post=2348"},{"taxonomy":"product_tag","embeddable":true,"href":"https:\/\/locababyekids.com.br\/sn\/wp-json\/wp\/v2\/product_tag?post=2348"}],"curies":[{"name":"wp","href":"https:\/\/api.w.org\/{rel}","templated":true}]}}