{"id":2808,"date":"2024-10-28T12:38:13","date_gmt":"2024-10-28T15:38:13","guid":{"rendered":"https:\/\/locababyekids.com.br\/sn\/?post_type=product&#038;p=2808"},"modified":"2025-09-02T10:41:25","modified_gmt":"2025-09-02T13:41:25","slug":"mordedor-infantil-banana-bebe-massageador-de-gengiva-bubar","status":"publish","type":"product","link":"https:\/\/locababyekids.com.br\/sn\/product\/mordedor-infantil-banana-bebe-massageador-de-gengiva-bubar\/","title":{"rendered":"Mordedor Infantil Banana Bebe Massageador De Gengiva Bubar"},"content":{"rendered":"<p>Al\u00edvio instant\u00e2neo para os dentinhos em crescimento do seu beb\u00ea! Apresentamos o Mordedor Infantil Ursinho, o companheiro perfeito para acalmar e massagear as delicadas gengivas do seu pequeno.<br \/>\nCom seu design ador\u00e1vel e textura suave, este mordedor oferece conforto e entretenimento enquanto ajuda a aliviar o desconforto causado pela denti\u00e7\u00e3o. Deixe o Ursinho cuidar do sorriso do seu beb\u00ea enquanto eles exploram e descobrem o mundo ao seu redor.<br \/>\nGaranta agora mesmo esse aliado indispens\u00e1vel para momentos felizes e livres de dor!<\/p>\n<p><span style=\"color: #808080; font-size: 12px;\">idade Recomendada: 4 a 12 meses<br \/>\nDimens\u00f5es do produto 2 x 8 x 9 cm; 30 g<br \/>\nDimens\u00f5es do pacote 17 x 9 x 3 cent\u00edmetros.<\/span><\/p>\n","protected":false},"excerpt":{"rendered":"<p>Al\u00edvio instant\u00e2neo para os dentinhos em crescimento do seu beb\u00ea! Apresentamos o Mordedor Infantil Ursinho, o companheiro perfeito para acalmar e massagear as delicadas gengivas do seu pequeno. Com seu<\/p>\n","protected":false},"featured_media":2812,"comment_status":"open","ping_status":"closed","template":"","meta":{"_joinchat":[]},"product_cat":[220],"product_tag":[],"class_list":{"0":"post-2808","1":"product","2":"type-product","3":"status-publish","6":"product_cat-mordedor","8":"first","9":"instock","10":"featured","11":"taxable","12":"shipping-taxable","13":"purchasable","14":"product-type-simple"},"_links":{"self":[{"href":"https:\/\/locababyekids.com.br\/sn\/wp-json\/wp\/v2\/product\/2808"}],"collection":[{"href":"https:\/\/locababyekids.com.br\/sn\/wp-json\/wp\/v2\/product"}],"about":[{"href":"https:\/\/locababyekids.com.br\/sn\/wp-json\/wp\/v2\/types\/product"}],"replies":[{"embeddable":true,"href":"https:\/\/locababyekids.com.br\/sn\/wp-json\/wp\/v2\/comments?post=2808"}],"version-history":[{"count":2,"href":"https:\/\/locababyekids.com.br\/sn\/wp-json\/wp\/v2\/product\/2808\/revisions"}],"predecessor-version":[{"id":3410,"href":"https:\/\/locababyekids.com.br\/sn\/wp-json\/wp\/v2\/product\/2808\/revisions\/3410"}],"wp:featuredmedia":[{"embeddable":true,"href":"https:\/\/locababyekids.com.br\/sn\/wp-json\/wp\/v2\/media\/2812"}],"wp:attachment":[{"href":"https:\/\/locababyekids.com.br\/sn\/wp-json\/wp\/v2\/media?parent=2808"}],"wp:term":[{"taxonomy":"product_cat","embeddable":true,"href":"https:\/\/locababyekids.com.br\/sn\/wp-json\/wp\/v2\/product_cat?post=2808"},{"taxonomy":"product_tag","embeddable":true,"href":"https:\/\/locababyekids.com.br\/sn\/wp-json\/wp\/v2\/product_tag?post=2808"}],"curies":[{"name":"wp","href":"https:\/\/api.w.org\/{rel}","templated":true}]}}