{"id":2814,"date":"2024-10-28T14:00:47","date_gmt":"2024-10-28T17:00:47","guid":{"rendered":"https:\/\/locababyekids.com.br\/sn\/?post_type=product&#038;p=2814"},"modified":"2025-08-05T16:17:44","modified_gmt":"2025-08-05T19:17:44","slug":"berco-e-mini-rosinha","status":"publish","type":"product","link":"https:\/\/locababyekids.com.br\/sn\/product\/berco-e-mini-rosinha\/","title":{"rendered":"Ber\u00e7o e Mini &#8211; Rosinha"},"content":{"rendered":"<p>Ber\u00e7o e Mini Cama Permobili Harmonia com Capiton\u00ea &#8211; Branco Elegante, luxuoso e vers\u00e1til! O ber\u00e7o Harmonia da Permobili possui capacidade de se adaptar \u00e0s diferentes fases de crescimento do seu beb\u00ea. Com a op\u00e7\u00e3o de convers\u00e3o, voc\u00ea pode transformar o ber\u00e7o em mini cama, permitindo um uso prolongado do m\u00f3vel \ud83d\ude42 Al\u00e9m de ter capiton\u00ea que adiciona um visual sofisticado e texturizado ao ambiente do quarto do beb\u00ea. Complemente o quartinho do seu filho.<\/p>\n<p><span style=\"color: #808080; font-size: 12px;\">Altura do Estrado at\u00e9 o Ch\u00e3o: 33,3 cm<br \/>\nAltura (cm): 118 cm<br \/>\nLargura (cm): 85 cm<br \/>\nProfundidade (cm): 135 cm.<\/span><\/p>\n","protected":false},"excerpt":{"rendered":"<p><a href=\"https:\/\/wa.me\/553136461063\" target=\"_blank\" rel=\"noopener\" aria-label=\"Chat on WhatsApp\"><br \/>\n<button>Loca\u00e7\u00e3o<\/button><\/a>\u00a0 \u00a0<a href=\"https:\/\/wa.me\/553136461063\" target=\"_blank\" rel=\"noopener\" aria-label=\"Chat on WhatsApp\"><img decoding=\"async\" class=\"alignnone wp-image-1398\" src=\"https:\/\/locababyekids.com.br\/sn\/wp-content\/uploads\/2024\/06\/whatsapp-297x300.png\" alt=\"\" width=\"33\" height=\"33\" \/><\/a><\/p>\n","protected":false},"featured_media":2820,"comment_status":"open","ping_status":"closed","template":"","meta":{"_joinchat":[]},"product_cat":[291,239],"product_tag":[285],"class_list":{"0":"post-2814","1":"product","2":"type-product","3":"status-publish","6":"product_cat-aluguel-de-berco","7":"product_cat-berco-madeira","8":"product_tag-locacao","10":"first","11":"instock","12":"taxable","13":"shipping-taxable","14":"product-type-simple"},"_links":{"self":[{"href":"https:\/\/locababyekids.com.br\/sn\/wp-json\/wp\/v2\/product\/2814"}],"collection":[{"href":"https:\/\/locababyekids.com.br\/sn\/wp-json\/wp\/v2\/product"}],"about":[{"href":"https:\/\/locababyekids.com.br\/sn\/wp-json\/wp\/v2\/types\/product"}],"replies":[{"embeddable":true,"href":"https:\/\/locababyekids.com.br\/sn\/wp-json\/wp\/v2\/comments?post=2814"}],"version-history":[{"count":1,"href":"https:\/\/locababyekids.com.br\/sn\/wp-json\/wp\/v2\/product\/2814\/revisions"}],"predecessor-version":[{"id":2817,"href":"https:\/\/locababyekids.com.br\/sn\/wp-json\/wp\/v2\/product\/2814\/revisions\/2817"}],"wp:featuredmedia":[{"embeddable":true,"href":"https:\/\/locababyekids.com.br\/sn\/wp-json\/wp\/v2\/media\/2820"}],"wp:attachment":[{"href":"https:\/\/locababyekids.com.br\/sn\/wp-json\/wp\/v2\/media?parent=2814"}],"wp:term":[{"taxonomy":"product_cat","embeddable":true,"href":"https:\/\/locababyekids.com.br\/sn\/wp-json\/wp\/v2\/product_cat?post=2814"},{"taxonomy":"product_tag","embeddable":true,"href":"https:\/\/locababyekids.com.br\/sn\/wp-json\/wp\/v2\/product_tag?post=2814"}],"curies":[{"name":"wp","href":"https:\/\/api.w.org\/{rel}","templated":true}]}}