{"id":613,"date":"2024-06-18T23:50:00","date_gmt":"2024-06-19T02:50:00","guid":{"rendered":"https:\/\/locababyekids.com.br\/sn\/product\/black-and-white-summer-portrait-3\/"},"modified":"2024-06-23T22:52:27","modified_gmt":"2024-06-24T01:52:27","slug":"canguru-koala","status":"publish","type":"product","link":"https:\/\/locababyekids.com.br\/sn\/product\/canguru-koala\/","title":{"rendered":"Canguru koala"},"content":{"rendered":"<p>Possui um assento remov\u00edvel. Distribui o peso do beb\u00ea nos ombros e tronco, suporta at\u00e9 12 kg sem o assento e 18 kg com o assento, al\u00e7as largas e acolchoadas confort\u00e1veis que evita marcar os ombros.<br \/>\nAcompanha porta treco e bolsos nas laterais perfeitos para levar mamadeira ou copo e ter f\u00e1cil acesso a esses objetos.<\/p>\n<p><span style=\"color: #808080; font-size: 12px;\">Dimens\u00f5es do produto: 20 cm (A) x 20 cm (L) x 30 cm (C).<\/span><br \/>\n<span style=\"color: #808080; font-size: 12px;\">Peso: 850 g.<\/span><\/p>\n","protected":false},"excerpt":{"rendered":"<p>Possui um assento remov\u00edvel. Distribui o peso do beb\u00ea nos ombros e tronco, suporta at\u00e9 12 kg sem o assento e 18 kg com o assento, al\u00e7as largas e acolchoadas<\/p>\n","protected":false},"featured_media":1471,"comment_status":"open","ping_status":"closed","template":"","meta":{"_joinchat":[]},"product_cat":[161],"product_tag":[],"class_list":{"0":"post-613","1":"product","2":"type-product","3":"status-publish","6":"product_cat-canguru","8":"first","9":"instock","10":"taxable","11":"shipping-taxable","12":"purchasable","13":"product-type-simple"},"_links":{"self":[{"href":"https:\/\/locababyekids.com.br\/sn\/wp-json\/wp\/v2\/product\/613"}],"collection":[{"href":"https:\/\/locababyekids.com.br\/sn\/wp-json\/wp\/v2\/product"}],"about":[{"href":"https:\/\/locababyekids.com.br\/sn\/wp-json\/wp\/v2\/types\/product"}],"replies":[{"embeddable":true,"href":"https:\/\/locababyekids.com.br\/sn\/wp-json\/wp\/v2\/comments?post=613"}],"version-history":[{"count":0,"href":"https:\/\/locababyekids.com.br\/sn\/wp-json\/wp\/v2\/product\/613\/revisions"}],"wp:featuredmedia":[{"embeddable":true,"href":"https:\/\/locababyekids.com.br\/sn\/wp-json\/wp\/v2\/media\/1471"}],"wp:attachment":[{"href":"https:\/\/locababyekids.com.br\/sn\/wp-json\/wp\/v2\/media?parent=613"}],"wp:term":[{"taxonomy":"product_cat","embeddable":true,"href":"https:\/\/locababyekids.com.br\/sn\/wp-json\/wp\/v2\/product_cat?post=613"},{"taxonomy":"product_tag","embeddable":true,"href":"https:\/\/locababyekids.com.br\/sn\/wp-json\/wp\/v2\/product_tag?post=613"}],"curies":[{"name":"wp","href":"https:\/\/api.w.org\/{rel}","templated":true}]}}