{"id":614,"date":"2024-04-23T23:02:00","date_gmt":"2024-04-24T02:02:00","guid":{"rendered":"https:\/\/locababyekids.com.br\/sn\/product\/leather-clad-leisure-chair-3\/"},"modified":"2025-05-27T16:52:32","modified_gmt":"2025-05-27T19:52:32","slug":"carrinho-de-bebe-smart-colorbaby","status":"publish","type":"product","link":"https:\/\/locababyekids.com.br\/sn\/product\/carrinho-de-bebe-smart-colorbaby\/","title":{"rendered":"Carrinho de Beb\u00ea Smart &#8211; Color Baby"},"content":{"rendered":"<p>Um carrinho leve e compacto com fechamento \u00e1gil com apenas 1 m\u00e3o e com al\u00e7a de transporte pr\u00e1tica facilitando o transporte. Design minimalista com estrutura principal em alum\u00ednio, encosto com sistema regulado por fivela que permiti usar na inclina\u00e7\u00e3o que desejar. Possui porta-copos e porta-objetos espa\u00e7oso. Trava de seguran\u00e7a e cinto de seguran\u00e7a de 5 pontos dando completa prote\u00e7\u00e3o ao beb\u00ea, tela de ventila\u00e7\u00e3o ideal para passeio, protetor frontal remov\u00edvel, rodas frontais com amortecedores e rota\u00e7\u00e3o em 360\u00b0 e sistema de freios com \u00fanica acionada muito mais pr\u00e1tico e seguro. Idade recomendada de 0 \u00e0 36 meses. Peso suportado at\u00e9 15kg.<\/p>\n<p><span style=\"color: #808080; font-size: 12px;\">Medida do produto aberto: 104 cm (A) X 82 cm (C) X 51 cm (L).<\/span><br \/>\n<span style=\"color: #808080; font-size: 12px;\">Medida do produto fechado: 58 cm (A) X 51 cm (C) X 30 cm (L).<\/span><br \/>\n<span style=\"color: #808080; font-size: 12px;\">Peso: 6,5 kg.<\/span><br \/>\n<span style=\"color: #808080; font-size: 12px;\">Cor: preto<br \/>\nMaterial: Estrutura de alum\u00ednio. Assento em Poli\u00e9ster. Cinto de seguran\u00e7a de N\u00edlon<br \/>\n<\/span><\/p>\n","protected":false},"excerpt":{"rendered":"<p><a href=\"https:\/\/wa.me\/553136461063\" target=\"_blank\" rel=\"noopener\" aria-label=\"Chat on WhatsApp\"><br \/>\n<button>Loca\u00e7\u00e3o<\/button><\/a>\u00a0 \u00a0<a href=\"https:\/\/wa.me\/553136461063\" target=\"_blank\" rel=\"noopener\" aria-label=\"Chat on WhatsApp\"><img decoding=\"async\" class=\"alignnone wp-image-1398\" src=\"https:\/\/locababyekids.com.br\/sn\/wp-content\/uploads\/2024\/06\/whatsapp-297x300.png\" alt=\"\" width=\"33\" height=\"33\" \/><\/a><\/p>\n","protected":false},"featured_media":1457,"comment_status":"open","ping_status":"closed","template":"","meta":{"_joinchat":[]},"product_cat":[289,159],"product_tag":[285],"class_list":{"0":"post-614","1":"product","2":"type-product","3":"status-publish","6":"product_cat-aluguel-de-carrinho-de-bebe","7":"product_cat-carrinho-de-bebe","8":"product_tag-locacao","10":"first","11":"instock","12":"taxable","13":"shipping-taxable","14":"product-type-simple"},"_links":{"self":[{"href":"https:\/\/locababyekids.com.br\/sn\/wp-json\/wp\/v2\/product\/614"}],"collection":[{"href":"https:\/\/locababyekids.com.br\/sn\/wp-json\/wp\/v2\/product"}],"about":[{"href":"https:\/\/locababyekids.com.br\/sn\/wp-json\/wp\/v2\/types\/product"}],"replies":[{"embeddable":true,"href":"https:\/\/locababyekids.com.br\/sn\/wp-json\/wp\/v2\/comments?post=614"}],"version-history":[{"count":1,"href":"https:\/\/locababyekids.com.br\/sn\/wp-json\/wp\/v2\/product\/614\/revisions"}],"predecessor-version":[{"id":2974,"href":"https:\/\/locababyekids.com.br\/sn\/wp-json\/wp\/v2\/product\/614\/revisions\/2974"}],"wp:featuredmedia":[{"embeddable":true,"href":"https:\/\/locababyekids.com.br\/sn\/wp-json\/wp\/v2\/media\/1457"}],"wp:attachment":[{"href":"https:\/\/locababyekids.com.br\/sn\/wp-json\/wp\/v2\/media?parent=614"}],"wp:term":[{"taxonomy":"product_cat","embeddable":true,"href":"https:\/\/locababyekids.com.br\/sn\/wp-json\/wp\/v2\/product_cat?post=614"},{"taxonomy":"product_tag","embeddable":true,"href":"https:\/\/locababyekids.com.br\/sn\/wp-json\/wp\/v2\/product_tag?post=614"}],"curies":[{"name":"wp","href":"https:\/\/api.w.org\/{rel}","templated":true}]}}