{"id":617,"date":"2024-04-23T23:02:01","date_gmt":"2024-04-24T02:02:01","guid":{"rendered":"https:\/\/locababyekids.com.br\/sn\/product\/vintage-typewriter-3\/"},"modified":"2025-05-27T16:52:53","modified_gmt":"2025-05-27T19:52:53","slug":"assento-de-elevacao-elevato-tutti-baby-preto","status":"publish","type":"product","link":"https:\/\/locababyekids.com.br\/sn\/product\/assento-de-elevacao-elevato-tutti-baby-preto\/","title":{"rendered":"Assento de Eleva\u00e7\u00e3o, Elevato, Tutti Baby, Preto"},"content":{"rendered":"<p>O assento Elevato da Tutti baby \u00e9 indicado para crian\u00e7as de 15 kg a 36 kg. F\u00e1cil de instalar e pr\u00e1tico de carregar, o assento segue a Norma Brasileira ABNT NBR 14400 e utiliza o cinto do autom\u00f3vel. Para garantir o conforto da crian\u00e7a o assento tem acabamento em tecido acolchoado com acabamento em alto relevo e bra\u00e7os laterais de apoio.<\/p>\n<p><span style=\"color: #808080; font-size: 12px;\">Idade recomendada:\u00a0 24 meses &#8211; 10 anos.<\/span><br \/>\n<span style=\"color: #808080; font-size: 12px;\">Dimens\u00f5es do produto: \u200e 37 cm (L) x 18,5 cm (A) x 42,5 cm (C). <\/span><br \/>\n<span style=\"color: #808080; font-size: 12px;\">Peso: 1,1 kg.<\/span><\/p>\n","protected":false},"excerpt":{"rendered":"<p><a href=\"https:\/\/wa.me\/553136461063\" target=\"_blank\" rel=\"noopener\" aria-label=\"Chat on WhatsApp\"><br \/>\n<button>Loca\u00e7\u00e3o<\/button><\/a>\u00a0 \u00a0<a href=\"https:\/\/wa.me\/553136461063\" target=\"_blank\" rel=\"noopener\" aria-label=\"Chat on WhatsApp\"><img decoding=\"async\" class=\"alignnone wp-image-1398\" src=\"https:\/\/locababyekids.com.br\/sn\/wp-content\/uploads\/2024\/06\/whatsapp-297x300.png\" alt=\"\" width=\"33\" height=\"33\" \/><\/a><\/p>\n","protected":false},"featured_media":1603,"comment_status":"open","ping_status":"closed","template":"","meta":{"_joinchat":[]},"product_cat":[290,160],"product_tag":[285],"class_list":{"0":"post-617","1":"product","2":"type-product","3":"status-publish","6":"product_cat-aluguel-de-cadeira-para-auto","7":"product_cat-cadeira-para-auto","8":"product_tag-locacao","10":"first","11":"instock","12":"taxable","13":"shipping-taxable","14":"product-type-simple"},"_links":{"self":[{"href":"https:\/\/locababyekids.com.br\/sn\/wp-json\/wp\/v2\/product\/617"}],"collection":[{"href":"https:\/\/locababyekids.com.br\/sn\/wp-json\/wp\/v2\/product"}],"about":[{"href":"https:\/\/locababyekids.com.br\/sn\/wp-json\/wp\/v2\/types\/product"}],"replies":[{"embeddable":true,"href":"https:\/\/locababyekids.com.br\/sn\/wp-json\/wp\/v2\/comments?post=617"}],"version-history":[{"count":1,"href":"https:\/\/locababyekids.com.br\/sn\/wp-json\/wp\/v2\/product\/617\/revisions"}],"predecessor-version":[{"id":2973,"href":"https:\/\/locababyekids.com.br\/sn\/wp-json\/wp\/v2\/product\/617\/revisions\/2973"}],"wp:featuredmedia":[{"embeddable":true,"href":"https:\/\/locababyekids.com.br\/sn\/wp-json\/wp\/v2\/media\/1603"}],"wp:attachment":[{"href":"https:\/\/locababyekids.com.br\/sn\/wp-json\/wp\/v2\/media?parent=617"}],"wp:term":[{"taxonomy":"product_cat","embeddable":true,"href":"https:\/\/locababyekids.com.br\/sn\/wp-json\/wp\/v2\/product_cat?post=617"},{"taxonomy":"product_tag","embeddable":true,"href":"https:\/\/locababyekids.com.br\/sn\/wp-json\/wp\/v2\/product_tag?post=617"}],"curies":[{"name":"wp","href":"https:\/\/api.w.org\/{rel}","templated":true}]}}