{"id":618,"date":"2024-04-23T23:02:04","date_gmt":"2024-04-24T02:02:04","guid":{"rendered":"https:\/\/locababyekids.com.br\/sn\/product\/leather-clad-leisure-chair-4\/"},"modified":"2025-05-27T16:52:53","modified_gmt":"2025-05-27T19:52:53","slug":"poltrona-atlantis","status":"publish","type":"product","link":"https:\/\/locababyekids.com.br\/sn\/product\/poltrona-atlantis\/","title":{"rendered":"Poltrona Atlantis"},"content":{"rendered":"<p>Para facilitar a rotina dos pais a Poltrona Black AB foi desenvolvida para crian\u00e7as de 9kg a 25kg. Para garantir o conforto da crian\u00e7a a poltrona tem tecido acolchoado, 3 posi\u00e7\u00f5es de reclinagem e protetor remov\u00edvel para cabe\u00e7a. Al\u00e9m do cinto de seguran\u00e7a de cinco pontos com protetores acolchoados nos ombros e protetor remov\u00edvel de cabe\u00e7a.<\/p>\n<p><span style=\"color: #808080; font-size: 12px;\">Idade recomendada \u200e24 meses &#8211; 5 anos.<\/span><br \/>\n<span style=\"color: #808080; font-size: 12px;\">Dimens\u00f5es do produto\u00a0\u00a0 \u200e52cm (C) x 51 cm (L) x 66 cm (A).<br \/>\nPeso: 5,8 kg.<\/span><\/p>\n","protected":false},"excerpt":{"rendered":"<p><a href=\"https:\/\/wa.me\/553136461063\" target=\"_blank\" rel=\"noopener\" aria-label=\"Chat on WhatsApp\"><br \/>\n<button>Loca\u00e7\u00e3o<\/button><\/a>\u00a0 \u00a0<a href=\"https:\/\/wa.me\/553136461063\" target=\"_blank\" rel=\"noopener\" aria-label=\"Chat on WhatsApp\"><img decoding=\"async\" class=\"alignnone wp-image-1398\" src=\"https:\/\/locababyekids.com.br\/sn\/wp-content\/uploads\/2024\/06\/whatsapp-297x300.png\" alt=\"\" width=\"33\" height=\"33\" \/><\/a><\/p>\n","protected":false},"featured_media":1589,"comment_status":"open","ping_status":"closed","template":"","meta":{"_joinchat":[]},"product_cat":[290,160],"product_tag":[285],"class_list":{"0":"post-618","1":"product","2":"type-product","3":"status-publish","6":"product_cat-aluguel-de-cadeira-para-auto","7":"product_cat-cadeira-para-auto","8":"product_tag-locacao","10":"first","11":"instock","12":"taxable","13":"shipping-taxable","14":"product-type-simple"},"_links":{"self":[{"href":"https:\/\/locababyekids.com.br\/sn\/wp-json\/wp\/v2\/product\/618"}],"collection":[{"href":"https:\/\/locababyekids.com.br\/sn\/wp-json\/wp\/v2\/product"}],"about":[{"href":"https:\/\/locababyekids.com.br\/sn\/wp-json\/wp\/v2\/types\/product"}],"replies":[{"embeddable":true,"href":"https:\/\/locababyekids.com.br\/sn\/wp-json\/wp\/v2\/comments?post=618"}],"version-history":[{"count":1,"href":"https:\/\/locababyekids.com.br\/sn\/wp-json\/wp\/v2\/product\/618\/revisions"}],"predecessor-version":[{"id":2972,"href":"https:\/\/locababyekids.com.br\/sn\/wp-json\/wp\/v2\/product\/618\/revisions\/2972"}],"wp:featuredmedia":[{"embeddable":true,"href":"https:\/\/locababyekids.com.br\/sn\/wp-json\/wp\/v2\/media\/1589"}],"wp:attachment":[{"href":"https:\/\/locababyekids.com.br\/sn\/wp-json\/wp\/v2\/media?parent=618"}],"wp:term":[{"taxonomy":"product_cat","embeddable":true,"href":"https:\/\/locababyekids.com.br\/sn\/wp-json\/wp\/v2\/product_cat?post=618"},{"taxonomy":"product_tag","embeddable":true,"href":"https:\/\/locababyekids.com.br\/sn\/wp-json\/wp\/v2\/product_tag?post=618"}],"curies":[{"name":"wp","href":"https:\/\/api.w.org\/{rel}","templated":true}]}}