{"id":620,"date":"2024-06-18T23:03:05","date_gmt":"2024-06-19T02:03:05","guid":{"rendered":"https:\/\/locababyekids.com.br\/sn\/product\/vintage-typewriter-4\/"},"modified":"2025-05-27T16:52:53","modified_gmt":"2025-05-27T19:52:53","slug":"bebe-conforto-citi-maxi-cosi","status":"publish","type":"product","link":"https:\/\/locababyekids.com.br\/sn\/product\/bebe-conforto-citi-maxi-cosi\/","title":{"rendered":"Beb\u00ea Conforto Citi Maxi-Cosi"},"content":{"rendered":"<p>Beb\u00ea conforto Citi com base maxi-cosi at\u00e9 1 ano e 13 kg, sistema de prote\u00e7\u00e3o contra impactos laterais e certifica\u00e7\u00e3o para uso em avi\u00f5es pelo FAA (Federal Aviation Administration).<br \/>\nCinto de seguran\u00e7a de 3 pontos com protetores de ombros acolchoados, ganchos laterais que facilitam na hora de acomodar ou retirar a crian\u00e7a e capa lav\u00e1vel na m\u00e1quina.<\/p>\n<p><span style=\"color: #808080; font-size: 12px;\">Idade recomendada: 0-1 ano.<br \/>\nDimens\u00f5es do produto: <\/span><span style=\"color: #808080; font-size: 12px;\">66 cm (A) x 43 cm (L) x 66 cm (C).<br \/>\nPeso: 3,1 kg.<\/span><\/p>\n","protected":false},"excerpt":{"rendered":"<p><a href=\"https:\/\/wa.me\/553136461063\" target=\"_blank\" rel=\"noopener\" aria-label=\"Chat on WhatsApp\"><br \/>\n<button>Loca\u00e7\u00e3o<\/button><\/a>\u00a0 \u00a0<a href=\"https:\/\/wa.me\/553136461063\" target=\"_blank\" rel=\"noopener\" aria-label=\"Chat on WhatsApp\"><img decoding=\"async\" class=\"alignnone wp-image-1398\" src=\"https:\/\/locababyekids.com.br\/sn\/wp-content\/uploads\/2024\/06\/whatsapp-297x300.png\" alt=\"\" width=\"33\" height=\"33\" \/><\/a><\/p>\n","protected":false},"featured_media":1452,"comment_status":"open","ping_status":"closed","template":"","meta":{"_joinchat":[]},"product_cat":[290,160],"product_tag":[285],"class_list":{"0":"post-620","1":"product","2":"type-product","3":"status-publish","6":"product_cat-aluguel-de-cadeira-para-auto","7":"product_cat-cadeira-para-auto","8":"product_tag-locacao","10":"first","11":"instock","12":"taxable","13":"shipping-taxable","14":"product-type-simple"},"_links":{"self":[{"href":"https:\/\/locababyekids.com.br\/sn\/wp-json\/wp\/v2\/product\/620"}],"collection":[{"href":"https:\/\/locababyekids.com.br\/sn\/wp-json\/wp\/v2\/product"}],"about":[{"href":"https:\/\/locababyekids.com.br\/sn\/wp-json\/wp\/v2\/types\/product"}],"replies":[{"embeddable":true,"href":"https:\/\/locababyekids.com.br\/sn\/wp-json\/wp\/v2\/comments?post=620"}],"version-history":[{"count":1,"href":"https:\/\/locababyekids.com.br\/sn\/wp-json\/wp\/v2\/product\/620\/revisions"}],"predecessor-version":[{"id":2970,"href":"https:\/\/locababyekids.com.br\/sn\/wp-json\/wp\/v2\/product\/620\/revisions\/2970"}],"wp:featuredmedia":[{"embeddable":true,"href":"https:\/\/locababyekids.com.br\/sn\/wp-json\/wp\/v2\/media\/1452"}],"wp:attachment":[{"href":"https:\/\/locababyekids.com.br\/sn\/wp-json\/wp\/v2\/media?parent=620"}],"wp:term":[{"taxonomy":"product_cat","embeddable":true,"href":"https:\/\/locababyekids.com.br\/sn\/wp-json\/wp\/v2\/product_cat?post=620"},{"taxonomy":"product_tag","embeddable":true,"href":"https:\/\/locababyekids.com.br\/sn\/wp-json\/wp\/v2\/product_tag?post=620"}],"curies":[{"name":"wp","href":"https:\/\/api.w.org\/{rel}","templated":true}]}}